{"id":402,"date":"2019-07-09T11:58:39","date_gmt":"2019-07-09T11:58:39","guid":{"rendered":"http:\/\/prometus.at\/?page_id=402"},"modified":"2023-11-21T14:17:54","modified_gmt":"2023-11-21T14:17:54","slug":"impressum","status":"publish","type":"page","link":"https:\/\/prometus.at\/?page_id=402","title":{"rendered":"Impressum"},"content":{"rendered":"\n<figure class=\"wp-block-image\"><img decoding=\"async\" src=\"https:\/\/prometus.at\/wp-content\/uploads\/2019\/07\/Prometus-Logo-frei-1024x226.jpg\" alt=\"\" class=\"wp-image-403\"\/><figcaption class=\"wp-element-caption\">Prometus Media Marketing<br>Kaltenleutgebner Stra\u00dfe 24\/6\/1F<br>1230 Wien<br>office@prometus.at<br>Unabh\u00e4ngige Fachzeitschriften f\u00fcr niedergelassene \u00c4rzte sowie Krankenh\u00e4user im deutschsprachigen Raum. <\/figcaption><\/figure>\n","protected":false},"excerpt":{"rendered":"","protected":false},"author":1,"featured_media":0,"parent":0,"menu_order":0,"comment_status":"closed","ping_status":"closed","template":"","meta":{"footnotes":""},"class_list":["post-402","page","type-page","status-publish","hentry"],"_links":{"self":[{"href":"https:\/\/prometus.at\/index.php?rest_route=\/wp\/v2\/pages\/402","targetHints":{"allow":["GET"]}}],"collection":[{"href":"https:\/\/prometus.at\/index.php?rest_route=\/wp\/v2\/pages"}],"about":[{"href":"https:\/\/prometus.at\/index.php?rest_route=\/wp\/v2\/types\/page"}],"author":[{"embeddable":true,"href":"https:\/\/prometus.at\/index.php?rest_route=\/wp\/v2\/users\/1"}],"replies":[{"embeddable":true,"href":"https:\/\/prometus.at\/index.php?rest_route=%2Fwp%2Fv2%2Fcomments&post=402"}],"version-history":[{"count":2,"href":"https:\/\/prometus.at\/index.php?rest_route=\/wp\/v2\/pages\/402\/revisions"}],"predecessor-version":[{"id":643,"href":"https:\/\/prometus.at\/index.php?rest_route=\/wp\/v2\/pages\/402\/revisions\/643"}],"wp:attachment":[{"href":"https:\/\/prometus.at\/index.php?rest_route=%2Fwp%2Fv2%2Fmedia&parent=402"}],"curies":[{"name":"wp","href":"https:\/\/api.w.org\/{rel}","templated":true}]}}